{"id":28,"date":"2012-11-26T15:49:24","date_gmt":"2012-11-26T15:49:24","guid":{"rendered":"https:\/\/carlosdehita.es\/?page_id=28"},"modified":"2021-06-22T16:37:58","modified_gmt":"2021-06-22T16:37:58","slug":"curriculum-vitae-2","status":"publish","type":"page","link":"https:\/\/carlosdehita.es\/?page_id=28","title":{"rendered":"Curriculum vitae"},"content":{"rendered":"<p style=\"text-align: left;\" align=\"right\">Escritor, guionista, artista sonoro, t\u00e9cnico de sonido especializado en los sonidos de la naturaleza.<\/p>\n<p>Autor de un archivo sonoro con las voces de\u00a0 la fauna espa\u00f1ola, africana, amaz\u00f3nica e india; de actividades tradicionales, as\u00ed como de los principales paisajes sonoros ib\u00e9ricos y canarios.<\/p>\n<p>Premio Fundaci\u00f3n BBVA a la Conservaci\u00f3n de la Biodiversidad, en la categor\u00eda de <strong>Difusi\u00f3n del Conocimiento y Sensibilizaci\u00f3n en Conservaci\u00f3n de la Biodiversidad en Espa\u00f1a, XI edici\u00f3n<\/strong>, 2017.<\/p>\n<p><strong>Premio Ones<\/strong>, Fundaci\u00f3 Ones Mediterr\u00e0nia 2017.<\/p>\n<p><strong>Premio Adenex<\/strong>, Asociaci\u00f3n extreme\u00f1a de defensa de la naturaleza, 2019.<\/p>\n<p>Nominado en julio de 2.006 a un\u00a0<strong>premio Emmy<\/strong>, en la secci\u00f3n News &amp; Documentary, a propuesta de National Geographic EXPLORER.<\/p>\n<p>Este material encuentra aplicaci\u00f3n en los siguientes campos:<\/p>\n<p><strong>PUBLICACIONES<\/strong><\/p>\n<p><strong>Bosques, viaje visual y sonoro<\/strong>. Anaya Touring 2019.<\/p>\n<p><strong>El sonido de la naturaleza, un calendario sonoro de los paisajes de Espa\u00f1a<\/strong>, Anaya Touring 2021.<\/p>\n<p>Ambos libros ilustrados con m\u00e1s de setenta c\u00f3digos QR que enlazan con montajes sonoros reconstruidos, como al dictado, a partir de los textos escritos.<\/p>\n<p><strong>PRODUCCIONES AUDIOVISUALES<\/strong><\/p>\n<p><strong>DOCUMENTALES<\/strong><\/p>\n<p>T\u00e9cnico de sonido directo y en postproducci\u00f3n en unos 180 programas documentales, entre los que destacan:<strong> Dehesa, el bosque del lince ib\u00e9rico <\/strong>(Wanda Natura, 2019, sonido y guion),<strong> Cant\u00e1brico, las monta\u00f1as del oso pardo \u00a0<\/strong>(Wanda Natura, 2017, sonido y guion),<strong>\u00a0El viaje de Unai <\/strong>(2016),<strong> Guadalquivir <\/strong>(Wanda Natura, 2014),<strong>\u00a0WildMed (Acaj\u00fa, 2015), Marcos, el lobo solitario<\/strong>\u00a0(Wanda Visi\u00f3n, noviembre 2012),\u00a0<strong>La Dama de Cao\u00a0<\/strong>y<strong>\u00a0La Ruta Moche\u00a0<\/strong>(Explora Films, 2012),\u00a0<strong>Abu Dhabi\u00a0<\/strong>(National Geographic Channel, 2012),\u00a0<strong>Tesoro del Sur<\/strong>\u00a0(Avatar, Junta de Andaluc\u00eda, 2007),\u00a0<strong>El Lince Ib\u00e9rico<\/strong>, de Bitis Documentales, para la Consejer\u00eda de Medio Ambiente de la Junta de Andaluc\u00eda;\u00a0<strong>Las Monta\u00f1as del Lobo\u00a0<\/strong>(Bitis Documentales\/Canal\u00a0 +, 2003),<strong>\u00a0El reino de la luz\u00a0<\/strong>(Bitis Documentales para Canal Sur),\u00a0<strong>C\u00e9sar y Za\u00edn<\/strong>\u00a0(ES Docu\/El Deseo Producciones, 2003),\u00a0<strong>Euroscience<\/strong>, ES Docu 2006),\u00a0<strong>Islas Georgias, los 55 furiosos\u00a0<\/strong>(Transglobe Films, 2002),\u00a0<strong>Shadus, Hombres santos de la India\u00a0<\/strong>(ES Docu, 2002) ,\u00a0<strong>El hambre en el mundo explicada a mi hijo<\/strong>\u00a0(ES Docu\/Transglobe, 2002) as\u00ed como en diversas series documentales:\u00a0<strong>Herederos del Arca<\/strong>\u00a0(Explora Films, 2009),\u00a0<strong>Mundos Perdidos\u00a0<\/strong>(Canal+, 2000),\u00a0<strong>Guardianes del Planeta<\/strong>\u00a0(Transglobe Films, 2000),\u00a0<strong>Ultimos Para\u00edsos<\/strong>\u00a0(Transglobe Films, 1999),\u00a0<strong>Amazonia, Ultima Llamada<\/strong>, (New\u00a0 Atlantis Line, Canal +, RTVE, 2000),\u00a0<strong>El Tercer Planeta<\/strong>\u00a0(Transglobe Films, 1999<strong>), La Ruta de Samarkanda<\/strong>\u00a0(TVE, 1999),\u00a0<strong>Silencio Roto<\/strong>\u00a0(TVE, 1986)<\/p>\n<p><strong>CINE<\/strong><\/p>\n<p>T\u00e9cnico de sonido directo en las producciones\u00a0<strong>Entrelobos<\/strong>\u00a0(Wanda Visi\u00f3n, 2009-2010),\u00a0<strong>Wilaya<\/strong>\u00a0(Wandavisi\u00f3n, 2011),\u00a0<strong>14 Kil\u00f3metros<\/strong>\u00a0(Wanda Films, 2006\/2007, Espiga de Oro en la Semana Internacional de Cine de Valladolid,\u00a0<strong>SEMINCI 2007<\/strong>);\u00a0<strong>La Gran Final<\/strong>\u00a0(Wanda Films, 2006),\u00a0<strong>El Nacimiento de una Pasi\u00f3n<\/strong>\u00a0(Wanda Films, 2006) y\u00a0<strong>Eyengue, el dios del Sue\u00f1o<\/strong>\u00a0(El Deseo, 2003), e\u00a0<strong>Historias de las Monta\u00f1as de la Bruma<\/strong>\u00a0(ES-Docu\/El Deseo, 2008). Y de los cortometrajes\u00a0<strong>Ojos que no ven<\/strong>\u00a0(Natalia Mateo) y\u00a0<strong>Despierta las moscas<\/strong>\u00a0(Nacho Ruiz Capillas), Avalon Producciones, 2011.<\/p>\n<ul>\n<li><strong>INSTALACIONES SONORAS<\/strong> en soporte envolvente, entre las que destacan <strong>A todos los vientos<\/strong>, Palacio del Quintanar, Segovia 2020, <strong>Madrid, m\u00e1s all\u00e1 del ruido<\/strong>, Cuartel del Conde Duque, Madrid 2016, <strong>El eco de una ciudad de piedra<\/strong>, Museo Esteban Vicente de Arte Contempor\u00e1neo, Segovia 2014, <strong>Paisajes sonoros de la evoluci\u00f3n<\/strong>, para el Museo de la Evoluci\u00f3n Humana, Burgos 2014, <strong>Madrid 1808,\u00a0<\/strong>una reconstrucci\u00f3n sonora en<strong>\u00a0<\/strong>sonido envolvente para el Cuartel del Conde Duque\/Ayuntamiento de Madrid, 2008;<strong>\u00a0Los sonidos de la noche<\/strong>, PhotoEspa\u00f1a 2006;\u00a0<strong>Donde el viento canta<\/strong>. Centro de Interpretaci\u00f3n de la Fuenfr\u00eda. Consejer\u00eda de Medio Ambiente, Comunidad de Madrid. 2006;\u00a0<strong>Sala RENPA,<\/strong>\u00a0<strong>La Naturaleza en Andaluc\u00eda,\u00a0<\/strong>Parque de las Ciencias, Junta de Andaluc\u00eda, Granada. 2005;\u00a0<strong>Pe\u00f1alara, Aguas Abajo. Primavera.\u00a0<\/strong>Instalaci\u00f3n\u00a0 permanente en\u00a0 el Parque Regional de Pe\u00f1alara, Consejer\u00eda de Medio Ambiente, Comunidad de Madrid. 2005;\u00a0<strong>El Lenguaje de los P\u00e1jaros,\u00a0<\/strong>Palacio de Cristal de El Retiro, Centro Nacional de Arte Reina Sof\u00eda, Madrid. 2002;\u00a0<strong>Espacio para Imaginar,\u00a0<\/strong>exposici\u00f3n itinerante de la Red de Espacio Protegidos de la Consejer\u00eda de Medio Ambiente de la Junta de Castilla y Le\u00f3n, 200;\u00a0<strong>Los Paisajes de la Madera<\/strong>, para el Museo de Arte Contempor\u00e1neo ESTEBAN VICENTE, Segovia, 2000. As\u00ed como numerosas instalaciones sonoras en centros de interpretaci\u00f3n de espacios naturales: Monfrag\u00fce.<\/li>\n<\/ul>\n<p><strong>PARQUE NACIONAL DE CABA\u00d1EROS<\/strong>, dotaci\u00f3n de contenidos sonoros para audiovisuales, sonorizaci\u00f3n de salas, gu\u00edas sonoras e instalaciones 3D para el Centro de Interpretaci\u00f3n del P.N de Caba\u00f1eros. Estela SC para Dragados y Construcciones y Ministerio de Agricultura, Alimentaci\u00f3n y Medio Ambiente.<\/p>\n<ul>\n<li><strong>RADIO<\/strong>. Desde oto\u00f1o de 1.991 y hasta 2012, colaborador\u00a0 en el programa radiof\u00f3nico\u00a0<strong>HOY POR HOY<\/strong>, de la\u00a0<strong>Cadena SER,\u00a0<\/strong>con I\u00f1aki Gabilondo primero y Carles Francino. Desde 2018, <strong>Amaneceres, De buenas a primeras,<\/strong> <strong>Cadena SER<\/strong>, una emisi\u00f3n diaria con los sonidos del amanecer.<\/li>\n<\/ul>\n<ul>\n<li><strong>PRENSA EN INTERNET<\/strong>.<\/li>\n<li>Desde enero de 2021 autor del audioblog <strong>S\u00e1bados de campo,<\/strong> Planeta A, en el diario El Confidencial.<\/li>\n<li>Desde junio de 2019, autor del audioblog <strong>Cuando el agua suena<\/strong>, en <strong>El \u00e1gora, diario del agua<\/strong>.<\/li>\n<li>Desde marzo de 2.008 a junio de 1018 autor del audioblog <strong>EL SONIDO DE LA NATURALEZA,\u00a0<\/strong>en la edici\u00f3n digital del diario<strong>\u00a0EL MUNDO, elmundo.es<\/strong><\/li>\n<\/ul>\n<ul>\n<li><strong>PUBLICACIONES SONORAS<\/strong><\/li>\n<\/ul>\n<p><strong>Parques Nacionales Espa\u00f1oles, Paisajes Sonoros.\u00a0<\/strong>Ministerio de Medio Ambiente. 14 CDs:\u00a0<strong>Caba\u00f1eros<\/strong>, Islas Atl\u00e1nticas, Picos de Europa, Ordesa y Monte Perdido, Aig\u00fcestortes i Estany de Sant Maurici, Archipi\u00e9lago de Cabrera, Tablas de Daimiel, Monfrag\u00fce, Sierra Nevada, Do\u00f1ana, Caldera de Taburiente, Teide, Garajonay y Timanfaya.<\/p>\n<p><strong>Enciclopedia de las aves ib\u00e9ricas, secci\u00f3n de sonido.\u00a0<\/strong>Sociedad Espa\u00f1ola de Ornitolog\u00eda, 2009<\/p>\n<p><strong>Paisajes sonoros de Andaluc\u00eda<\/strong>. Junta de Andaluc\u00eda, 2006;\u00a0<strong>La Sierra de Guadarrama,\u00a0<\/strong>FIDA\/Consejer\u00eda de Medio Ambiente de la Comunidad de Madrid, 2002<strong>; Espacio para imaginar,\u00a0<\/strong>para la Consejer\u00eda de Medio Ambiente de la Junta de Castilla y Le\u00f3n, 2002<strong>; La Sonata del Bosque,\u00a0<\/strong>para la Fundaci\u00f3n Caja Madrid, 1999<strong>; Bosque de Bosques<\/strong>, para la Fundaci\u00f3n Caja de Madrid, 1998;\u00a0<strong>Espa\u00f1a Salvaje<\/strong>, ed. Planeta. 1.996; Los Sonidos de la Naturaleza en Espa\u00f1a<strong>.\u00a0<\/strong>Tragsa 1995;\u00a0<strong>Los Instantes del Bosque<\/strong>, MAPA 1995;\u00a0<strong>NATURAL,<\/strong>\u00a0CAMBIO 16, con una tirada de 80.000 ejemplares. Dic. 1995<\/p>\n<p><strong>H\u00e1bitats para las aves ib\u00e9ricas<\/strong>. Programa SACRE, Sociedad Espa\u00f1ola de Ornitolog\u00eda\/Birdlife (Octubre 2011).<\/p>\n<p><strong>Gu\u00eda sonora de las monta\u00f1as espa\u00f1olas<\/strong>. Ministerio de medio ambiente, medio rural y marino\/ONCE (Noviembre 2011).<\/p>\n","protected":false},"excerpt":{"rendered":"<p>Escritor, guionista, artista sonoro, t\u00e9cnico de sonido especializado en los sonidos de la naturaleza. Autor de un archivo sonoro con las voces de\u00a0 la fauna espa\u00f1ola, africana, amaz\u00f3nica e india; de actividades tradicionales, as\u00ed como de los principales paisajes sonoros &hellip; <a href=\"https:\/\/carlosdehita.es\/?page_id=28\">Sigue leyendo <span class=\"meta-nav\">&rarr;<\/span><\/a><\/p>\n","protected":false},"author":1,"featured_media":0,"parent":11,"menu_order":0,"comment_status":"open","ping_status":"open","template":"","meta":{"footnotes":""},"class_list":["post-28","page","type-page","status-publish","hentry"],"_links":{"self":[{"href":"https:\/\/carlosdehita.es\/index.php?rest_route=\/wp\/v2\/pages\/28","targetHints":{"allow":["GET"]}}],"collection":[{"href":"https:\/\/carlosdehita.es\/index.php?rest_route=\/wp\/v2\/pages"}],"about":[{"href":"https:\/\/carlosdehita.es\/index.php?rest_route=\/wp\/v2\/types\/page"}],"author":[{"embeddable":true,"href":"https:\/\/carlosdehita.es\/index.php?rest_route=\/wp\/v2\/users\/1"}],"replies":[{"embeddable":true,"href":"https:\/\/carlosdehita.es\/index.php?rest_route=%2Fwp%2Fv2%2Fcomments&post=28"}],"version-history":[{"count":5,"href":"https:\/\/carlosdehita.es\/index.php?rest_route=\/wp\/v2\/pages\/28\/revisions"}],"predecessor-version":[{"id":1425,"href":"https:\/\/carlosdehita.es\/index.php?rest_route=\/wp\/v2\/pages\/28\/revisions\/1425"}],"up":[{"embeddable":true,"href":"https:\/\/carlosdehita.es\/index.php?rest_route=\/wp\/v2\/pages\/11"}],"wp:attachment":[{"href":"https:\/\/carlosdehita.es\/index.php?rest_route=%2Fwp%2Fv2%2Fmedia&parent=28"}],"curies":[{"name":"wp","href":"https:\/\/api.w.org\/{rel}","templated":true}]}}